{"id":397,"date":"2025-10-07T09:46:03","date_gmt":"2025-10-07T07:46:03","guid":{"rendered":"https:\/\/minefashioninstitute.umh.es\/?page_id=397"},"modified":"2026-04-21T17:31:12","modified_gmt":"2026-04-21T15:31:12","slug":"maquillaje","status":"publish","type":"page","link":"https:\/\/minefashioninstitute.umh.es\/en\/maquillaje\/","title":{"rendered":"Borrador autom\u00e1tico"},"content":{"rendered":"<p>[et_pb_section fb_built=&#8221;1&#8243; fullwidth=&#8221;on&#8221; _builder_version=&#8221;4.17.4&#8243; _module_preset=&#8221;default&#8221; global_colors_info=&#8221;{}&#8221;][et_pb_fullwidth_header title=&#8221;Maquillaje aplicado a la Moda y Medios Audiovisuales&#8221; _builder_version=&#8221;4.17.4&#8243; _module_preset=&#8221;default&#8221; title_font=&#8221;Fira Sans Condensed|700|||||||&#8221; content_font=&#8221;Fira Sans Condensed|700|||||||&#8221; title_font_size_tablet=&#8221;&#8221; title_font_size_phone=&#8221;30px&#8221; title_font_size_last_edited=&#8221;on|phone&#8221; global_colors_info=&#8221;{}&#8221;][\/et_pb_fullwidth_header][\/et_pb_section][et_pb_section fb_built=&#8221;1&#8243; _builder_version=&#8221;4.17.4&#8243; _module_preset=&#8221;default&#8221; global_colors_info=&#8221;{}&#8221;][et_pb_row column_structure=&#8221;2_5,3_5&#8243; _builder_version=&#8221;4.17.4&#8243; _module_preset=&#8221;default&#8221; global_colors_info=&#8221;{}&#8221;][et_pb_column type=&#8221;2_5&#8243; _builder_version=&#8221;4.17.4&#8243; _module_preset=&#8221;default&#8221; global_colors_info=&#8221;{}&#8221;][et_pb_image src=&#8221;https:\/\/minefashioninstitute.umh.es\/files\/2025\/11\/foto-7.png&#8221; alt=&#8221;Laura Fern\u00e1ndez&#8221; title_text=&#8221;foto 7&#8243; _builder_version=&#8221;4.17.4&#8243; _module_preset=&#8221;default&#8221; global_colors_info=&#8221;{}&#8221;][\/et_pb_image][et_pb_text _builder_version=&#8221;4.17.4&#8243; _module_preset=&#8221;default&#8221; text_font_size_tablet=&#8221;&#8221; text_font_size_phone=&#8221;13px&#8221; text_font_size_last_edited=&#8221;on|phone&#8221; global_colors_info=&#8221;{}&#8221;]<\/p>\n<p class=\"p2\" style=\"text-align: justify\"><span style=\"color: #bc2a30\"><b>\u2727 Profesora<\/b>: <\/span>Laura Ferr\u00e1ndez<\/p>\n<p class=\"p2\" style=\"text-align: justify\"><span style=\"color: #bc2a30\"><strong>\u2727 Duraci\u00f3n: <\/strong><\/span>40 horas | 4,0 ECTS<\/p>\n<p>[\/et_pb_text][\/et_pb_column][et_pb_column type=&#8221;3_5&#8243; _builder_version=&#8221;4.17.4&#8243; _module_preset=&#8221;default&#8221; global_colors_info=&#8221;{}&#8221;][et_pb_text _builder_version=&#8221;4.17.4&#8243; _module_preset=&#8221;default&#8221; text_font_size_tablet=&#8221;&#8221; text_font_size_phone=&#8221;14px&#8221; text_font_size_last_edited=&#8221;on|phone&#8221; text_line_height_tablet=&#8221;&#8221; text_line_height_phone=&#8221;1.7em&#8221; text_line_height_last_edited=&#8221;on|phone&#8221; global_colors_info=&#8221;{}&#8221;]<\/p>\n<p class=\"p2\"><span style=\"color: #bc2a30\"><strong>\u2727 Aprender\u00e1s:<\/strong><\/span><\/p>\n<p class=\"p1\">Este curso ofrece una formaci\u00f3n pr\u00e1ctica y especializada en el maquillaje aplicado al mundo de la moda, la fotograf\u00eda y los medios audiovisuales. A trav\u00e9s de un enfoque profesional, el alumnado adquiere los conocimientos y destrezas necesarios para desenvolverse en shootings, producciones de v\u00eddeo y sesiones fotogr\u00e1ficas.<\/p>\n<p class=\"p1\">La formaci\u00f3n combina la t\u00e9cnica y la creatividad: desde el dominio de los fundamentos del maquillaje para c\u00e1mara y la aplicaci\u00f3n de la colorimetr\u00eda seg\u00fan cada tipolog\u00eda de piel, hasta el desarrollo de propuestas innovadoras a partir de un briefing creativo.<\/p>\n<p class=\"p1\">Adem\u00e1s de perfeccionar la t\u00e9cnica, el curso prepara al estudiante para trabajar en entornos reales de la industria, potenciando la adaptabilidad, la coordinaci\u00f3n en equipos interdisciplinarios y la comunicaci\u00f3n profesional.<\/p>\n<p class=\"p1\">Tambi\u00e9n se fomenta el uso responsable y aut\u00f3nomo de los materiales y herramientas espec\u00edficas del maquillaje profesional.<\/p>\n<p class=\"p1\">El resultado es una capacitaci\u00f3n completa para quienes deseen abrirse camino en la moda y los medios audiovisuales, con una visi\u00f3n pr\u00e1ctica y conectada directamente con las exigencias del sector.<\/p>\n<p>[\/et_pb_text][et_pb_text _builder_version=&#8221;4.17.4&#8243; _module_preset=&#8221;default&#8221; link_option_url=&#8221; https:\/\/minefashioninstitute.umh.es\/files\/2026\/04\/HORARIO2edMINE.pdf&#8221; link_option_url_new_window=&#8221;on&#8221; global_colors_info=&#8221;{}&#8221;]<\/p>\n<p>[Descarga el calendario del curso <strong>aqu\u00ed<\/strong>]<\/p>\n<p>[\/et_pb_text][et_pb_button button_url=&#8221;https:\/\/www.umh.es\/contenido\/Estudios\/:tit_fpo_18099\/datos_es.html&#8221; url_new_window=&#8221;on&#8221; button_text=&#8221;MATRIC\u00daLATE&#8221; button_alignment=&#8221;center&#8221; _builder_version=&#8221;4.17.4&#8243; _module_preset=&#8221;default&#8221; custom_button=&#8221;on&#8221; button_text_size=&#8221;27px&#8221; button_text_color=&#8221;#FFFFFF&#8221; button_bg_color=&#8221;#BC2A30&#8243; button_border_radius=&#8221;20px&#8221; button_letter_spacing=&#8221;0px&#8221; button_font=&#8221;Fira Sans Condensed||||||||&#8221; transform_scale_tablet=&#8221;&#8221; transform_scale_phone=&#8221;64%|64%&#8221; transform_scale_last_edited=&#8221;on|phone&#8221; transform_translate=&#8221;-18px|50px&#8221; transform_translate_tablet=&#8221;-18px|50px&#8221; transform_translate_phone=&#8221;-4px|-32px&#8221; transform_translate_last_edited=&#8221;on|phone&#8221; transform_rotate_tablet=&#8221;&#8221; transform_rotate_phone=&#8221;&#8221; transform_rotate_last_edited=&#8221;on|phone&#8221; transform_skew_tablet=&#8221;&#8221; transform_skew_phone=&#8221;&#8221; transform_skew_last_edited=&#8221;on|phone&#8221; transform_origin_tablet=&#8221;&#8221; transform_origin_phone=&#8221;&#8221; transform_origin_last_edited=&#8221;on|phone&#8221; transform_styles_last_edited=&#8221;on|phone&#8221; hover_enabled=&#8221;0&#8243; button_text_size_tablet=&#8221;27px&#8221; button_text_size_phone=&#8221;27px&#8221; button_text_size_last_edited=&#8221;on|desktop&#8221; button_border_radius_tablet=&#8221;20px&#8221; button_border_radius_phone=&#8221;20px&#8221; button_border_radius_last_edited=&#8221;on|desktop&#8221; button_icon_tablet=&#8221;&#8221; button_icon_phone=&#8221;&#8221; button_icon_last_edited=&#8221;on|desktop&#8221; transform_styles_tablet=&#8221;&#8221; transform_styles_phone=&#8221;&#8221; global_colors_info=&#8221;{}&#8221; sticky_enabled=&#8221;0&#8243;][\/et_pb_button][\/et_pb_column][\/et_pb_row][\/et_pb_section][et_pb_section fb_built=&#8221;1&#8243; _builder_version=&#8221;4.17.4&#8243; _module_preset=&#8221;default&#8221; global_colors_info=&#8221;{}&#8221;][et_pb_row _builder_version=&#8221;4.17.4&#8243; _module_preset=&#8221;default&#8221; transform_translate=&#8221;0px|-20px&#8221; global_colors_info=&#8221;{}&#8221;][et_pb_column type=&#8221;4_4&#8243; _builder_version=&#8221;4.17.4&#8243; _module_preset=&#8221;default&#8221; global_colors_info=&#8221;{}&#8221;][et_pb_video src=&#8221;https:\/\/minefashioninstitute.umh.es\/files\/2025\/11\/maquillaje-horifinal-1-1.mp4&#8243; image_src=&#8221;https:\/\/minefashioninstitute.umh.es\/files\/2025\/11\/11-300&#215;169.jpg&#8221; _builder_version=&#8221;4.17.4&#8243; _module_preset=&#8221;default&#8221; global_colors_info=&#8221;{}&#8221;][\/et_pb_video][\/et_pb_column][\/et_pb_row][\/et_pb_section]<\/p>\n","protected":false},"excerpt":{"rendered":"<p>\u2727 Profesora: Laura Ferr\u00e1ndez \u2727 Duraci\u00f3n: 40 horas | 4,0 ECTS\u2727 Aprender\u00e1s: Este curso ofrece una formaci\u00f3n pr\u00e1ctica y especializada en el maquillaje aplicado al mundo de la moda, la fotograf\u00eda y los medios audiovisuales. A trav\u00e9s de un enfoque profesional, el alumnado adquiere los conocimientos y destrezas necesarios para desenvolverse en shootings, producciones de [&hellip;]<\/p>\n","protected":false},"author":32073,"featured_media":0,"parent":0,"menu_order":0,"comment_status":"closed","ping_status":"closed","template":"","meta":{"_et_pb_use_builder":"on","_et_pb_old_content":"","_et_gb_content_width":"","_links_to":"","_links_to_target":""},"_links":{"self":[{"href":"https:\/\/minefashioninstitute.umh.es\/en\/wp-json\/wp\/v2\/pages\/397"}],"collection":[{"href":"https:\/\/minefashioninstitute.umh.es\/en\/wp-json\/wp\/v2\/pages"}],"about":[{"href":"https:\/\/minefashioninstitute.umh.es\/en\/wp-json\/wp\/v2\/types\/page"}],"author":[{"embeddable":true,"href":"https:\/\/minefashioninstitute.umh.es\/en\/wp-json\/wp\/v2\/users\/32073"}],"replies":[{"embeddable":true,"href":"https:\/\/minefashioninstitute.umh.es\/en\/wp-json\/wp\/v2\/comments?post=397"}],"version-history":[{"count":0,"href":"https:\/\/minefashioninstitute.umh.es\/en\/wp-json\/wp\/v2\/pages\/397\/revisions"}],"wp:attachment":[{"href":"https:\/\/minefashioninstitute.umh.es\/en\/wp-json\/wp\/v2\/media?parent=397"}],"curies":[{"name":"wp","href":"https:\/\/api.w.org\/{rel}","templated":true}]}}