{"id":1730,"date":"2026-04-17T08:44:13","date_gmt":"2026-04-17T06:44:13","guid":{"rendered":"https:\/\/minefashioninstitute.umh.es\/?page_id=1730"},"modified":"2026-04-23T19:55:39","modified_gmt":"2026-04-23T17:55:39","slug":"diseno","status":"publish","type":"page","link":"https:\/\/minefashioninstitute.umh.es\/en\/diseno\/","title":{"rendered":"Borrador autom\u00e1tico"},"content":{"rendered":"<p>[et_pb_section fb_built=&#8221;1&#8243; fullwidth=&#8221;on&#8221; _builder_version=&#8221;4.17.4&#8243; _module_preset=&#8221;default&#8221; global_colors_info=&#8221;{}&#8221;][et_pb_fullwidth_header title=&#8221;Dise\u00f1o T\u00e9cnico de Moda y Accesorios con Adobe Illustrator&#8221; _builder_version=&#8221;4.17.4&#8243; _module_preset=&#8221;default&#8221; title_font=&#8221;Fira Sans Condensed|700|||||||&#8221; content_font=&#8221;Fira Sans Condensed|700|||||||&#8221; title_font_size_tablet=&#8221;&#8221; title_font_size_phone=&#8221;30px&#8221; title_font_size_last_edited=&#8221;on|phone&#8221; global_colors_info=&#8221;{}&#8221;][\/et_pb_fullwidth_header][\/et_pb_section][et_pb_section fb_built=&#8221;1&#8243; _builder_version=&#8221;4.17.4&#8243; _module_preset=&#8221;default&#8221; global_colors_info=&#8221;{}&#8221;][et_pb_row column_structure=&#8221;2_5,3_5&#8243; _builder_version=&#8221;4.17.4&#8243; _module_preset=&#8221;default&#8221; global_colors_info=&#8221;{}&#8221;][et_pb_column type=&#8221;2_5&#8243; _builder_version=&#8221;4.17.4&#8243; _module_preset=&#8221;default&#8221; global_colors_info=&#8221;{}&#8221;][et_pb_image src=&#8221;https:\/\/minefashioninstitute.umh.es\/files\/2026\/04\/Profe-moda-1-1-1024&#215;1024.png&#8221; alt=&#8221;Laura Fern\u00e1ndez&#8221; title_text=&#8221;Profe moda 1&#8243; _builder_version=&#8221;4.17.4&#8243; _module_preset=&#8221;default&#8221; global_colors_info=&#8221;{}&#8221;][\/et_pb_image][et_pb_text _builder_version=&#8221;4.17.4&#8243; _module_preset=&#8221;default&#8221; custom_padding=&#8221;||1px|||&#8221; text_font_size_tablet=&#8221;&#8221; text_font_size_phone=&#8221;13px&#8221; text_font_size_last_edited=&#8221;on|phone&#8221; global_colors_info=&#8221;{}&#8221;]<\/p>\n<p class=\"p2\" style=\"text-align: justify\"><span style=\"color: #bc2a30\"><b>\u2727 Profesora<\/b>: <\/span>Lourdes Megias<\/p>\n<p class=\"p2\" style=\"text-align: justify\"><span style=\"color: #bc2a30\"><strong>\u2727 Duraci\u00f3n: <\/strong><\/span>28 horas | 2,8 ECTS<\/p>\n<p>[\/et_pb_text][\/et_pb_column][et_pb_column type=&#8221;3_5&#8243; _builder_version=&#8221;4.17.4&#8243; _module_preset=&#8221;default&#8221; global_colors_info=&#8221;{}&#8221;][et_pb_text _builder_version=&#8221;4.17.4&#8243; _module_preset=&#8221;default&#8221; text_font_size_tablet=&#8221;&#8221; text_font_size_phone=&#8221;14px&#8221; text_font_size_last_edited=&#8221;on|phone&#8221; text_line_height_tablet=&#8221;&#8221; text_line_height_phone=&#8221;1.7em&#8221; text_line_height_last_edited=&#8221;on|phone&#8221; global_colors_info=&#8221;{}&#8221;]<\/p>\n<p class=\"p2\"><span style=\"color: #bc2a30\"><strong>\u2727 Aprender\u00e1s:<\/strong><\/span><\/p>\n<p data-start=\"0\" data-end=\"293\">Formaci\u00f3n pr\u00e1ctica en el uso de <span class=\"hover:entity-accent entity-underline inline cursor-pointer align-baseline\"><span class=\"whitespace-normal\">Adobe Illustrator<\/span><\/span> aplicada al dise\u00f1o de moda y accesorios, con un enfoque claro hacia el entorno profesional. El alumnado aprende a transformar ideas en dise\u00f1os visuales claros y listos para su desarrollo en producci\u00f3n.<\/p>\n<p data-start=\"295\" data-end=\"512\">A lo largo del programa, se trabaja desde la creaci\u00f3n de dibujos t\u00e9cnicos de prendas hasta el dise\u00f1o de estampados y la preparaci\u00f3n de fichas bien organizadas, entendiendo c\u00f3mo se conecta el dise\u00f1o con la fabricaci\u00f3n.<\/p>\n<p data-start=\"514\" data-end=\"701\">El curso tambi\u00e9n pone \u00e9nfasis en la organizaci\u00f3n del trabajo, la claridad en la presentaci\u00f3n y el desarrollo de proyectos propios, acercando al estudiante a situaciones reales del sector.<\/p>\n<p data-start=\"703\" data-end=\"860\" data-is-last-node=\"\" data-is-only-node=\"\">El resultado es una base s\u00f3lida para iniciarse en el dise\u00f1o t\u00e9cnico de moda de forma pr\u00e1ctica, directa y adaptada a las necesidades actuales de la industria.<\/p>\n<p>[\/et_pb_text][et_pb_text _builder_version=&#8221;4.17.4&#8243; _module_preset=&#8221;default&#8221; link_option_url=&#8221;https:\/\/minefashioninstitute.umh.es\/files\/2026\/04\/HORARIO2edMINE.pdf&#8221; link_option_url_new_window=&#8221;on&#8221; global_colors_info=&#8221;{}&#8221;]<\/p>\n<p>[Descarga el calendario del curso <strong>aqu\u00ed<\/strong>]<\/p>\n<p>[\/et_pb_text][et_pb_button button_url=&#8221;https:\/\/www.umh.es\/contenido\/Estudios\/:tit_fpo_17930\/datos_es.html&#8221; url_new_window=&#8221;on&#8221; button_text=&#8221;M\u00c1S INFO&#8221; button_alignment=&#8221;center&#8221; _builder_version=&#8221;4.17.4&#8243; _module_preset=&#8221;default&#8221; custom_button=&#8221;on&#8221; button_text_size=&#8221;27px&#8221; button_text_color=&#8221;#FFFFFF&#8221; button_bg_color=&#8221;#BC2A30&#8243; button_border_radius=&#8221;20px&#8221; button_letter_spacing=&#8221;0px&#8221; button_font=&#8221;Fira Sans Condensed||||||||&#8221; transform_scale_tablet=&#8221;&#8221; transform_scale_phone=&#8221;64%|64%&#8221; transform_scale_last_edited=&#8221;on|phone&#8221; transform_translate=&#8221;-18px|50px&#8221; transform_translate_tablet=&#8221;-18px|50px&#8221; transform_translate_phone=&#8221;-4px|-32px&#8221; transform_translate_last_edited=&#8221;on|phone&#8221; transform_rotate_tablet=&#8221;&#8221; transform_rotate_phone=&#8221;&#8221; transform_rotate_last_edited=&#8221;on|phone&#8221; transform_skew_tablet=&#8221;&#8221; transform_skew_phone=&#8221;&#8221; transform_skew_last_edited=&#8221;on|phone&#8221; transform_origin_tablet=&#8221;&#8221; transform_origin_phone=&#8221;&#8221; transform_origin_last_edited=&#8221;on|phone&#8221; transform_styles_last_edited=&#8221;on|phone&#8221; hover_enabled=&#8221;0&#8243; button_text_size_tablet=&#8221;27px&#8221; button_text_size_phone=&#8221;27px&#8221; button_text_size_last_edited=&#8221;on|desktop&#8221; button_border_radius_tablet=&#8221;20px&#8221; button_border_radius_phone=&#8221;20px&#8221; button_border_radius_last_edited=&#8221;on|desktop&#8221; button_icon_tablet=&#8221;&#8221; button_icon_phone=&#8221;&#8221; button_icon_last_edited=&#8221;on|desktop&#8221; transform_styles_tablet=&#8221;&#8221; transform_styles_phone=&#8221;&#8221; global_colors_info=&#8221;{}&#8221; sticky_enabled=&#8221;0&#8243;][\/et_pb_button][\/et_pb_column][\/et_pb_row][\/et_pb_section][et_pb_section fb_built=&#8221;1&#8243; _builder_version=&#8221;4.17.4&#8243; _module_preset=&#8221;default&#8221; global_colors_info=&#8221;{}&#8221;][et_pb_row _builder_version=&#8221;4.17.4&#8243; _module_preset=&#8221;default&#8221; transform_translate=&#8221;0px|-20px&#8221; global_colors_info=&#8221;{}&#8221;][et_pb_column type=&#8221;4_4&#8243; _builder_version=&#8221;4.17.4&#8243; _module_preset=&#8221;default&#8221; global_colors_info=&#8221;{}&#8221;][et_pb_video src=&#8221;https:\/\/minefashioninstitute.umh.es\/files\/2026\/04\/Lourdes-MINE-horizontal-ma\u0301s-ma\u0301s-comprimido.mp4&#8243; image_src=&#8221;https:\/\/minefashioninstitute.umh.es\/files\/2026\/04\/dfhgjkilko.jpg&#8221; _builder_version=&#8221;4.17.4&#8243; _module_preset=&#8221;default&#8221; global_colors_info=&#8221;{}&#8221;][\/et_pb_video][\/et_pb_column][\/et_pb_row][\/et_pb_section]<\/p>\n","protected":false},"excerpt":{"rendered":"<p>\u2727 Profesora: Lourdes Megias \u2727 Duraci\u00f3n: 28 horas | 2,8 ECTS\u2727 Aprender\u00e1s: Formaci\u00f3n pr\u00e1ctica en el uso de Adobe Illustrator aplicada al dise\u00f1o de moda y accesorios, con un enfoque claro hacia el entorno profesional. El alumnado aprende a transformar ideas en dise\u00f1os visuales claros y listos para su desarrollo en producci\u00f3n. A lo largo [&hellip;]<\/p>\n","protected":false},"author":32355,"featured_media":0,"parent":0,"menu_order":0,"comment_status":"closed","ping_status":"closed","template":"","meta":{"_et_pb_use_builder":"on","_et_pb_old_content":"","_et_gb_content_width":"","_links_to":"","_links_to_target":""},"_links":{"self":[{"href":"https:\/\/minefashioninstitute.umh.es\/en\/wp-json\/wp\/v2\/pages\/1730"}],"collection":[{"href":"https:\/\/minefashioninstitute.umh.es\/en\/wp-json\/wp\/v2\/pages"}],"about":[{"href":"https:\/\/minefashioninstitute.umh.es\/en\/wp-json\/wp\/v2\/types\/page"}],"author":[{"embeddable":true,"href":"https:\/\/minefashioninstitute.umh.es\/en\/wp-json\/wp\/v2\/users\/32355"}],"replies":[{"embeddable":true,"href":"https:\/\/minefashioninstitute.umh.es\/en\/wp-json\/wp\/v2\/comments?post=1730"}],"version-history":[{"count":0,"href":"https:\/\/minefashioninstitute.umh.es\/en\/wp-json\/wp\/v2\/pages\/1730\/revisions"}],"wp:attachment":[{"href":"https:\/\/minefashioninstitute.umh.es\/en\/wp-json\/wp\/v2\/media?parent=1730"}],"curies":[{"name":"wp","href":"https:\/\/api.w.org\/{rel}","templated":true}]}}