{"id":683,"date":"2025-10-15T11:18:07","date_gmt":"2025-10-15T09:18:07","guid":{"rendered":"https:\/\/minefashioninstitute.umh.es\/?page_id=683"},"modified":"2026-04-21T17:31:50","modified_gmt":"2026-04-21T15:31:50","slug":"modelaje","status":"publish","type":"page","link":"https:\/\/minefashioninstitute.umh.es\/ca\/modelaje\/","title":{"rendered":"Borrador autom\u00e1tico"},"content":{"rendered":"<p>[et_pb_section fb_built=&#8221;1&#8243; fullwidth=&#8221;on&#8221; _builder_version=&#8221;4.17.4&#8243; _module_preset=&#8221;default&#8221; global_colors_info=&#8221;{}&#8221;][et_pb_fullwidth_header title=&#8221;T\u00e9cnicas Profesionales de Modelaje en Pasarela y Fotograf\u00eda&#8221; _builder_version=&#8221;4.17.4&#8243; _module_preset=&#8221;default&#8221; title_font=&#8221;Fira Sans Condensed|700|||||||&#8221; content_font=&#8221;Fira Sans Condensed|700|||||||&#8221; title_font_size_tablet=&#8221;&#8221; title_font_size_phone=&#8221;&#8221; title_font_size_last_edited=&#8221;on|phone&#8221; global_colors_info=&#8221;{}&#8221;][\/et_pb_fullwidth_header][\/et_pb_section][et_pb_section fb_built=&#8221;1&#8243; _builder_version=&#8221;4.17.4&#8243; _module_preset=&#8221;default&#8221; global_colors_info=&#8221;{}&#8221;][et_pb_row column_structure=&#8221;2_5,3_5&#8243; _builder_version=&#8221;4.17.4&#8243; _module_preset=&#8221;default&#8221; global_colors_info=&#8221;{}&#8221;][et_pb_column type=&#8221;2_5&#8243; _builder_version=&#8221;4.17.4&#8243; _module_preset=&#8221;default&#8221; global_colors_info=&#8221;{}&#8221;][et_pb_image src=&#8221;https:\/\/minefashioninstitute.umh.es\/files\/2025\/11\/foto-1-1.png&#8221; title_text=&#8221;foto 1 (1)&#8221; _builder_version=&#8221;4.17.4&#8243; _module_preset=&#8221;default&#8221; global_colors_info=&#8221;{}&#8221;][\/et_pb_image][et_pb_text _builder_version=&#8221;4.17.4&#8243; _module_preset=&#8221;default&#8221; text_font_size_tablet=&#8221;&#8221; text_font_size_phone=&#8221;13px&#8221; text_font_size_last_edited=&#8221;on|phone&#8221; global_colors_info=&#8221;{}&#8221;]<\/p>\n<p class=\"p2\" style=\"text-align: justify\"><span style=\"color: #bc2a30\"><b>\u2727 Profesora<\/b>: <\/span>Agencia Kara<\/p>\n<p class=\"p2\" style=\"text-align: justify\"><span style=\"color: #bc2a30\"><strong>\u2727 Duraci\u00f3n: <\/strong><\/span>34 horas | 3,4 ECTS<\/p>\n<p>[\/et_pb_text][\/et_pb_column][et_pb_column type=&#8221;3_5&#8243; _builder_version=&#8221;4.17.4&#8243; _module_preset=&#8221;default&#8221; global_colors_info=&#8221;{}&#8221;][et_pb_text _builder_version=&#8221;4.17.4&#8243; _module_preset=&#8221;default&#8221; text_font_size_tablet=&#8221;&#8221; text_font_size_phone=&#8221;14px&#8221; text_font_size_last_edited=&#8221;on|phone&#8221; text_line_height_tablet=&#8221;&#8221; text_line_height_phone=&#8221;1.7em&#8221; text_line_height_last_edited=&#8221;on|phone&#8221; global_colors_info=&#8221;{}&#8221;]<\/p>\n<p><span style=\"color: #bc2a30\"><strong>\u2727 Aprender\u00e1s:<\/strong><\/span><\/p>\n<p class=\"p1\">Este curso ofrece una formaci\u00f3n pr\u00e1ctica para iniciarse en el mundo del modelaje, con un enfoque integral que combina t\u00e9cnica, expresi\u00f3n y profesionalidad. El alumnado aprender\u00e1 a desenvolverse en desfiles, sesiones fotogr\u00e1ficas y producciones audiovisuales, entendiendo las particularidades de cada formato.<\/p>\n<p class=\"p1\">La formaci\u00f3n incluye el dominio de la postura, la pasarela y la expresi\u00f3n corporal y facial, as\u00ed como el control de los nervios en los primeros trabajos profesionales. Se trabajan tambi\u00e9n la actitud frente a c\u00e1mara, la gesti\u00f3n de la propia imagen y los recursos para adaptarse a diferentes estilos de producci\u00f3n.<\/p>\n<p class=\"p1\">El curso est\u00e1 orientado a dotar al estudiante de seguridad, confianza y herramientas reales para su primera experiencia en set. Adem\u00e1s, se fomenta la escucha y la capacidad de recibir feedback profesional, habilidades clave para progresar en la industria.Con un enfoque pr\u00e1ctico y en contacto directo con profesionales en activo, el programa prepara al alumnado para iniciar su recorrido en el modelaje con una base s\u00f3lida y adaptada a las demandas actuales del sector.<\/p>\n<p>[\/et_pb_text][et_pb_text _builder_version=&#8221;4.17.4&#8243; _module_preset=&#8221;default&#8221; link_option_url=&#8221;https:\/\/minefashioninstitute.umh.es\/files\/2026\/04\/HORARIO2edMINE.pdf&#8221; link_option_url_new_window=&#8221;on&#8221; global_colors_info=&#8221;{}&#8221;]<\/p>\n<p class=\"p2\">[Descarga el calendario del curso <b>aqu\u00ed<\/b>]<\/p>\n<p>[\/et_pb_text][et_pb_button button_url=&#8221;https:\/\/www.umh.es\/contenido\/Estudios\/:tit_fpo_18101\/datos_es.html&#8221; url_new_window=&#8221;on&#8221; button_text=&#8221;MATRIC\u00daLATE&#8221; button_alignment=&#8221;center&#8221; _builder_version=&#8221;4.17.4&#8243; _module_preset=&#8221;default&#8221; custom_button=&#8221;on&#8221; button_text_size=&#8221;27px&#8221; button_text_color=&#8221;#FFFFFF&#8221; button_bg_color=&#8221;#BC2A30&#8243; button_border_radius=&#8221;20px&#8221; button_letter_spacing=&#8221;0px&#8221; button_font=&#8221;Fira Sans Condensed||||||||&#8221; transform_scale_tablet=&#8221;&#8221; transform_scale_phone=&#8221;64%|64%&#8221; transform_scale_last_edited=&#8221;on|phone&#8221; transform_translate=&#8221;-18px|50px&#8221; transform_translate_tablet=&#8221;-18px|50px&#8221; transform_translate_phone=&#8221;-4px|-32px&#8221; transform_translate_last_edited=&#8221;on|phone&#8221; transform_rotate_tablet=&#8221;&#8221; transform_rotate_phone=&#8221;&#8221; transform_rotate_last_edited=&#8221;on|phone&#8221; transform_skew_tablet=&#8221;&#8221; transform_skew_phone=&#8221;&#8221; transform_skew_last_edited=&#8221;on|phone&#8221; transform_origin_tablet=&#8221;&#8221; transform_origin_phone=&#8221;&#8221; transform_origin_last_edited=&#8221;on|phone&#8221; transform_styles_last_edited=&#8221;on|phone&#8221; hover_enabled=&#8221;0&#8243; button_text_size_tablet=&#8221;27px&#8221; button_text_size_phone=&#8221;27px&#8221; button_text_size_last_edited=&#8221;on|desktop&#8221; button_border_radius_tablet=&#8221;20px&#8221; button_border_radius_phone=&#8221;20px&#8221; button_border_radius_last_edited=&#8221;on|desktop&#8221; button_icon_tablet=&#8221;&#8221; button_icon_phone=&#8221;&#8221; button_icon_last_edited=&#8221;on|desktop&#8221; transform_styles_tablet=&#8221;&#8221; transform_styles_phone=&#8221;&#8221; global_colors_info=&#8221;{}&#8221; sticky_enabled=&#8221;0&#8243;][\/et_pb_button][\/et_pb_column][\/et_pb_row][\/et_pb_section][et_pb_section fb_built=&#8221;1&#8243; _builder_version=&#8221;4.17.4&#8243; _module_preset=&#8221;default&#8221; global_colors_info=&#8221;{}&#8221;][et_pb_row _builder_version=&#8221;4.17.4&#8243; _module_preset=&#8221;default&#8221; transform_scale_tablet=&#8221;&#8221; transform_scale_phone=&#8221;&#8221; transform_scale_last_edited=&#8221;on|phone&#8221; transform_translate_tablet=&#8221;&#8221; transform_translate_phone=&#8221;0px|-20px&#8221; transform_translate_last_edited=&#8221;on|phone&#8221; transform_rotate_tablet=&#8221;&#8221; transform_rotate_phone=&#8221;&#8221; transform_rotate_last_edited=&#8221;on|phone&#8221; transform_skew_tablet=&#8221;&#8221; transform_skew_phone=&#8221;&#8221; transform_skew_last_edited=&#8221;on|phone&#8221; transform_origin_tablet=&#8221;&#8221; transform_origin_phone=&#8221;&#8221; transform_origin_last_edited=&#8221;on|phone&#8221; transform_styles_last_edited=&#8221;on|phone&#8221; transform_styles_tablet=&#8221;&#8221; transform_styles_phone=&#8221;&#8221; global_colors_info=&#8221;{}&#8221;][et_pb_column type=&#8221;4_4&#8243; _builder_version=&#8221;4.17.4&#8243; _module_preset=&#8221;default&#8221; global_colors_info=&#8221;{}&#8221;][et_pb_video src=&#8221;https:\/\/minefashioninstitute.umh.es\/files\/2025\/11\/final-horizontal-PEROFINALFINAL-1-1.mp4&#8243; image_src=&#8221;https:\/\/minefashioninstitute.umh.es\/files\/2025\/11\/10-300&#215;169.jpg&#8221; _builder_version=&#8221;4.17.4&#8243; _module_preset=&#8221;default&#8221; global_colors_info=&#8221;{}&#8221;][\/et_pb_video][\/et_pb_column][\/et_pb_row][\/et_pb_section]<\/p>\n","protected":false},"excerpt":{"rendered":"<p>\u2727 Profesora: Agencia Kara \u2727 Duraci\u00f3n: 34 horas | 3,4 ECTS\u2727 Aprender\u00e1s: Este curso ofrece una formaci\u00f3n pr\u00e1ctica para iniciarse en el mundo del modelaje, con un enfoque integral que combina t\u00e9cnica, expresi\u00f3n y profesionalidad. El alumnado aprender\u00e1 a desenvolverse en desfiles, sesiones fotogr\u00e1ficas y producciones audiovisuales, entendiendo las particularidades de cada formato. La formaci\u00f3n [&hellip;]<\/p>\n","protected":false},"author":32073,"featured_media":0,"parent":0,"menu_order":0,"comment_status":"closed","ping_status":"closed","template":"","meta":{"_et_pb_use_builder":"on","_et_pb_old_content":"","_et_gb_content_width":"","_links_to":"","_links_to_target":""},"_links":{"self":[{"href":"https:\/\/minefashioninstitute.umh.es\/ca\/wp-json\/wp\/v2\/pages\/683"}],"collection":[{"href":"https:\/\/minefashioninstitute.umh.es\/ca\/wp-json\/wp\/v2\/pages"}],"about":[{"href":"https:\/\/minefashioninstitute.umh.es\/ca\/wp-json\/wp\/v2\/types\/page"}],"author":[{"embeddable":true,"href":"https:\/\/minefashioninstitute.umh.es\/ca\/wp-json\/wp\/v2\/users\/32073"}],"replies":[{"embeddable":true,"href":"https:\/\/minefashioninstitute.umh.es\/ca\/wp-json\/wp\/v2\/comments?post=683"}],"version-history":[{"count":0,"href":"https:\/\/minefashioninstitute.umh.es\/ca\/wp-json\/wp\/v2\/pages\/683\/revisions"}],"wp:attachment":[{"href":"https:\/\/minefashioninstitute.umh.es\/ca\/wp-json\/wp\/v2\/media?parent=683"}],"curies":[{"name":"wp","href":"https:\/\/api.w.org\/{rel}","templated":true}]}}