{"id":520,"date":"2025-10-07T12:28:08","date_gmt":"2025-10-07T10:28:08","guid":{"rendered":"https:\/\/minefashioninstitute.umh.es\/?page_id=520"},"modified":"2026-04-21T17:30:23","modified_gmt":"2026-04-21T15:30:23","slug":"estilismo","status":"publish","type":"page","link":"https:\/\/minefashioninstitute.umh.es\/ca\/estilismo\/","title":{"rendered":"Borrador autom\u00e1tico"},"content":{"rendered":"<p>[et_pb_section fb_built=&#8221;1&#8243; fullwidth=&#8221;on&#8221; _builder_version=&#8221;4.17.4&#8243; _module_preset=&#8221;default&#8221; background_color=&#8221;#BC2A30&#8243; global_colors_info=&#8221;{}&#8221;][et_pb_fullwidth_header title=&#8221;Estilismo y Direcci\u00f3n Creativa&#8221; _builder_version=&#8221;4.17.4&#8243; _module_preset=&#8221;default&#8221; title_font=&#8221;Fira Sans Condensed|700|||||||&#8221; title_text_color=&#8221;#FFFFFF&#8221; title_font_size=&#8221;35px&#8221; title_font_size_tablet=&#8221;35px&#8221; title_font_size_phone=&#8221;30px&#8221; title_font_size_last_edited=&#8221;on|phone&#8221; global_colors_info=&#8221;{}&#8221;][\/et_pb_fullwidth_header][\/et_pb_section][et_pb_section fb_built=&#8221;1&#8243; _builder_version=&#8221;4.17.4&#8243; _module_preset=&#8221;default&#8221; global_colors_info=&#8221;{}&#8221;][et_pb_row column_structure=&#8221;2_5,3_5&#8243; _builder_version=&#8221;4.17.4&#8243; _module_preset=&#8221;default&#8221; global_colors_info=&#8221;{}&#8221;][et_pb_column type=&#8221;2_5&#8243; _builder_version=&#8221;4.17.4&#8243; _module_preset=&#8221;default&#8221; global_colors_info=&#8221;{}&#8221;][et_pb_image src=&#8221;https:\/\/minefashioninstitute.umh.es\/files\/2025\/11\/foto-5-1.png&#8221; alt=&#8221;Carla Donoso&#8221; title_text=&#8221;foto 5&#8243; _builder_version=&#8221;4.17.4&#8243; _module_preset=&#8221;default&#8221; global_colors_info=&#8221;{}&#8221;][\/et_pb_image][et_pb_text _builder_version=&#8221;4.17.4&#8243; _module_preset=&#8221;default&#8221; text_font_size_tablet=&#8221;&#8221; text_font_size_phone=&#8221;13px&#8221; text_font_size_last_edited=&#8221;on|phone&#8221; global_colors_info=&#8221;{}&#8221;]<\/p>\n<p class=\"p2\" style=\"text-align: justify\"><span style=\"color: #bc2a30\"><b>\u2727 Profesora<\/b>: <span style=\"color: #666666\">Carla Donoso<\/span><\/span><\/p>\n<p class=\"p2\" style=\"text-align: justify\"><span style=\"color: #bc2a30\"><strong>\u2727 Duraci\u00f3n: <\/strong><\/span>34 horas | 3,4 ECTS<\/p>\n<p>[\/et_pb_text][\/et_pb_column][et_pb_column type=&#8221;3_5&#8243; _builder_version=&#8221;4.17.4&#8243; _module_preset=&#8221;default&#8221; global_colors_info=&#8221;{}&#8221;][et_pb_text _builder_version=&#8221;4.17.4&#8243; _module_preset=&#8221;default&#8221; text_font_size_tablet=&#8221;&#8221; text_font_size_phone=&#8221;14px&#8221; text_font_size_last_edited=&#8221;on|phone&#8221; text_line_height_tablet=&#8221;&#8221; text_line_height_phone=&#8221;1.7em&#8221; text_line_height_last_edited=&#8221;on|phone&#8221; global_colors_info=&#8221;{}&#8221;]<\/p>\n<p class=\"p2\"><span style=\"color: #bc2a30\"><strong>\u2727 Aprender\u00e1s:<\/strong><\/span><\/p>\n<p class=\"p1\">Este curso est\u00e1 dise\u00f1ado para formar a profesionales capaces de construir una propuesta est\u00e9tica completa, adaptada a los diferentes formatos del sector de la moda y la comunicaci\u00f3n visual. A trav\u00e9s de una metodolog\u00eda pr\u00e1ctica, el alumnado aprender\u00e1 a desarrollar proyectos de estilismo aplicados a shootings fotogr\u00e1ficos, desfiles, editoriales y producciones audiovisuales.<\/p>\n<p class=\"p1\">La formaci\u00f3n combina el conocimiento de tendencias y referentes culturales con la creatividad y la t\u00e9cnica en la selecci\u00f3n de prendas, accesorios y recursos visuales. Se trabajar\u00e1 desde el an\u00e1lisis de un briefing hasta la creaci\u00f3n de un concepto s\u00f3lido, potenciando la capacidad de innovaci\u00f3n y el criterio est\u00e9tico personal.<\/p>\n<p class=\"p1\">Adem\u00e1s, el curso prepara al estudiante para integrarse en equipos de producci\u00f3n interdisciplinarios, desarrollando habilidades de organizaci\u00f3n, comunicaci\u00f3n y coordinaci\u00f3n, fundamentales en el entorno profesional. Se fomenta tambi\u00e9n el uso de herramientas actuales para la planificaci\u00f3n de looks, la gesti\u00f3n de colecciones y la comunicaci\u00f3n con otros agentes de la industria.<\/p>\n<p class=\"p1\">El objetivo final es dotar al alumno de una visi\u00f3n global del estilismo como disciplina creativa y estrat\u00e9gica dentro de la moda, conect\u00e1ndolo directamente con las din\u00e1micas y exigencias reales del sector.<\/p>\n<p>[\/et_pb_text][et_pb_text _builder_version=&#8221;4.17.4&#8243; _module_preset=&#8221;default&#8221; link_option_url=&#8221;https:\/\/minefashioninstitute.umh.es\/files\/2026\/04\/HORARIO2edMINE.pdf&#8221; link_option_url_new_window=&#8221;on&#8221; global_colors_info=&#8221;{}&#8221;]<\/p>\n<p>[Descarga el calendario del curso <strong>aqu\u00ed<\/strong>]<\/p>\n<p>[\/et_pb_text][et_pb_button button_url=&#8221;https:\/\/www.umh.es\/contenido\/Estudios\/:tit_fpo_18100datos_es.html&#8221; url_new_window=&#8221;on&#8221; button_text=&#8221;MATRIC\u00daLATE&#8221; button_alignment=&#8221;center&#8221; _builder_version=&#8221;4.17.4&#8243; _module_preset=&#8221;default&#8221; custom_button=&#8221;on&#8221; button_text_size=&#8221;27px&#8221; button_text_color=&#8221;#FFFFFF&#8221; button_bg_color=&#8221;#BC2A30&#8243; button_border_radius=&#8221;20px&#8221; button_letter_spacing=&#8221;0px&#8221; button_font=&#8221;Fira Sans Condensed||||||||&#8221; transform_scale_tablet=&#8221;&#8221; transform_scale_phone=&#8221;64%|64%&#8221; transform_scale_last_edited=&#8221;on|phone&#8221; transform_translate=&#8221;-18px|50px&#8221; transform_translate_tablet=&#8221;-18px|50px&#8221; transform_translate_phone=&#8221;-4px|-32px&#8221; transform_translate_last_edited=&#8221;on|phone&#8221; transform_rotate_tablet=&#8221;&#8221; transform_rotate_phone=&#8221;&#8221; transform_rotate_last_edited=&#8221;on|phone&#8221; transform_skew_tablet=&#8221;&#8221; transform_skew_phone=&#8221;&#8221; transform_skew_last_edited=&#8221;on|phone&#8221; transform_origin_tablet=&#8221;&#8221; transform_origin_phone=&#8221;&#8221; transform_origin_last_edited=&#8221;on|phone&#8221; transform_styles_last_edited=&#8221;on|phone&#8221; hover_enabled=&#8221;0&#8243; button_text_size_tablet=&#8221;27px&#8221; button_text_size_phone=&#8221;27px&#8221; button_text_size_last_edited=&#8221;on|desktop&#8221; button_border_radius_tablet=&#8221;20px&#8221; button_border_radius_phone=&#8221;20px&#8221; button_border_radius_last_edited=&#8221;on|desktop&#8221; button_icon_tablet=&#8221;&#8221; button_icon_phone=&#8221;&#8221; button_icon_last_edited=&#8221;on|desktop&#8221; transform_styles_tablet=&#8221;&#8221; transform_styles_phone=&#8221;&#8221; global_colors_info=&#8221;{}&#8221; sticky_enabled=&#8221;0&#8243;][\/et_pb_button][\/et_pb_column][\/et_pb_row][\/et_pb_section][et_pb_section fb_built=&#8221;1&#8243; _builder_version=&#8221;4.17.4&#8243; _module_preset=&#8221;default&#8221; global_colors_info=&#8221;{}&#8221;][et_pb_row _builder_version=&#8221;4.17.4&#8243; _module_preset=&#8221;default&#8221; transform_translate=&#8221;0px|-20px&#8221; global_colors_info=&#8221;{}&#8221;][et_pb_column type=&#8221;4_4&#8243; _builder_version=&#8221;4.17.4&#8243; _module_preset=&#8221;default&#8221; global_colors_info=&#8221;{}&#8221;][et_pb_video src=&#8221;https:\/\/minefashioninstitute.umh.es\/files\/2025\/11\/estilismo-defi-1-1.mp4&#8243; image_src=&#8221;https:\/\/minefashioninstitute.umh.es\/files\/2025\/11\/CARLA-DONOSO-WEB-pdf-300&#215;169.jpg&#8221; _builder_version=&#8221;4.17.4&#8243; _module_preset=&#8221;default&#8221; global_colors_info=&#8221;{}&#8221;][\/et_pb_video][\/et_pb_column][\/et_pb_row][\/et_pb_section]<\/p>\n","protected":false},"excerpt":{"rendered":"<p>\u2727 Profesora: Carla Donoso \u2727 Duraci\u00f3n: 34 horas | 3,4 ECTS\u2727 Aprender\u00e1s: Este curso est\u00e1 dise\u00f1ado para formar a profesionales capaces de construir una propuesta est\u00e9tica completa, adaptada a los diferentes formatos del sector de la moda y la comunicaci\u00f3n visual. A trav\u00e9s de una metodolog\u00eda pr\u00e1ctica, el alumnado aprender\u00e1 a desarrollar proyectos de estilismo [&hellip;]<\/p>\n","protected":false},"author":32073,"featured_media":0,"parent":0,"menu_order":0,"comment_status":"closed","ping_status":"closed","template":"","meta":{"_et_pb_use_builder":"on","_et_pb_old_content":"","_et_gb_content_width":"","_links_to":"","_links_to_target":""},"_links":{"self":[{"href":"https:\/\/minefashioninstitute.umh.es\/ca\/wp-json\/wp\/v2\/pages\/520"}],"collection":[{"href":"https:\/\/minefashioninstitute.umh.es\/ca\/wp-json\/wp\/v2\/pages"}],"about":[{"href":"https:\/\/minefashioninstitute.umh.es\/ca\/wp-json\/wp\/v2\/types\/page"}],"author":[{"embeddable":true,"href":"https:\/\/minefashioninstitute.umh.es\/ca\/wp-json\/wp\/v2\/users\/32073"}],"replies":[{"embeddable":true,"href":"https:\/\/minefashioninstitute.umh.es\/ca\/wp-json\/wp\/v2\/comments?post=520"}],"version-history":[{"count":0,"href":"https:\/\/minefashioninstitute.umh.es\/ca\/wp-json\/wp\/v2\/pages\/520\/revisions"}],"wp:attachment":[{"href":"https:\/\/minefashioninstitute.umh.es\/ca\/wp-json\/wp\/v2\/media?parent=520"}],"curies":[{"name":"wp","href":"https:\/\/api.w.org\/{rel}","templated":true}]}}