{"id":1628,"date":"2025-11-24T11:05:09","date_gmt":"2025-11-24T10:05:09","guid":{"rendered":"https:\/\/minefashioninstitute.umh.es\/?page_id=1628"},"modified":"2025-12-01T11:16:44","modified_gmt":"2025-12-01T10:16:44","slug":"eventos","status":"publish","type":"page","link":"https:\/\/minefashioninstitute.umh.es\/ca\/eventos\/","title":{"rendered":"<span lang=\"es\">(Espa\u00f1ol) Eventos<\/span>"},"content":{"rendered":"<p>[et_pb_section fb_built=&#8221;1&#8243; disabled_on=&#8221;off|on|on&#8221; _builder_version=&#8221;4.17.4&#8243; _module_preset=&#8221;default&#8221; background_color=&#8221;#BC2A30&#8243; module_alignment=&#8221;center&#8221; custom_padding=&#8221;||20px|||&#8221; global_colors_info=&#8221;{}&#8221;][et_pb_row _builder_version=&#8221;4.17.4&#8243; _module_preset=&#8221;default&#8221; global_colors_info=&#8221;{}&#8221;][et_pb_column type=&#8221;4_4&#8243; _builder_version=&#8221;4.17.4&#8243; _module_preset=&#8221;default&#8221; global_colors_info=&#8221;{}&#8221;][et_pb_text _builder_version=&#8221;4.17.4&#8243; _module_preset=&#8221;default&#8221; text_font=&#8221;Fira Sans Condensed||||||||&#8221; text_text_color=&#8221;#FFFFFF&#8221; text_font_size=&#8221;40px&#8221; module_alignment=&#8221;center&#8221; custom_margin=&#8221;17px||||false|false&#8221; global_colors_info=&#8221;{}&#8221;]<\/p>\n<p>Eventos<\/p>\n<p>[\/et_pb_text][\/et_pb_column][\/et_pb_row][\/et_pb_section][et_pb_section fb_built=&#8221;1&#8243; disabled_on=&#8221;off|on|on&#8221; _builder_version=&#8221;4.17.4&#8243; _module_preset=&#8221;default&#8221; global_colors_info=&#8221;{}&#8221;][et_pb_row _builder_version=&#8221;4.17.4&#8243; _module_preset=&#8221;default&#8221; global_colors_info=&#8221;{}&#8221;][et_pb_column type=&#8221;4_4&#8243; _builder_version=&#8221;4.17.4&#8243; _module_preset=&#8221;default&#8221; global_colors_info=&#8221;{}&#8221;][et_pb_text _builder_version=&#8221;4.17.4&#8243; _module_preset=&#8221;default&#8221; text_font=&#8221;Fira Sans Condensed||||||||&#8221; text_text_color=&#8221;#BC2A30&#8243; text_font_size=&#8221;25px&#8221; custom_margin=&#8221;8px||||false|false&#8221; global_colors_info=&#8221;{}&#8221;]<\/p>\n<p>Inaguraci\u00f3n MINE<\/p>\n<p>[\/et_pb_text][\/et_pb_column][\/et_pb_row][\/et_pb_section][et_pb_section fb_built=&#8221;1&#8243; disabled_on=&#8221;on|off|off&#8221; admin_label=&#8221;section&#8221; _builder_version=&#8221;4.17.4&#8243; background_color=&#8221;#BC2A30&#8243; global_colors_info=&#8221;{}&#8221;][et_pb_row admin_label=&#8221;row&#8221; _builder_version=&#8221;4.16&#8243; background_size=&#8221;initial&#8221; background_position=&#8221;top_left&#8221; background_repeat=&#8221;repeat&#8221; global_colors_info=&#8221;{}&#8221;][et_pb_column type=&#8221;4_4&#8243; _builder_version=&#8221;4.16&#8243; custom_padding=&#8221;|||&#8221; global_colors_info=&#8221;{}&#8221; custom_padding__hover=&#8221;|||&#8221;][et_pb_text _builder_version=&#8221;4.17.4&#8243; _module_preset=&#8221;default&#8221; text_font=&#8221;Fira Sans Condensed||||||||&#8221; text_text_color=&#8221;#FFFFFF&#8221; text_font_size=&#8221;60px&#8221; global_colors_info=&#8221;{}&#8221;]<\/p>\n<p><strong>Eventos<\/strong><\/p>\n<p>[\/et_pb_text][\/et_pb_column][\/et_pb_row][\/et_pb_section][et_pb_section fb_built=&#8221;1&#8243; specialty=&#8221;on&#8221; _builder_version=&#8221;4.17.4&#8243; _module_preset=&#8221;default&#8221; global_colors_info=&#8221;{}&#8221;][et_pb_column type=&#8221;1_2&#8243; specialty_columns=&#8221;2&#8243; _builder_version=&#8221;4.16&#8243; custom_padding=&#8221;|||&#8221; global_colors_info=&#8221;{}&#8221; custom_padding__hover=&#8221;|||&#8221;][et_pb_row_inner _builder_version=&#8221;4.17.4&#8243; _module_preset=&#8221;default&#8221; custom_padding=&#8221;||12px|||&#8221; global_colors_info=&#8221;{}&#8221;][et_pb_column_inner saved_specialty_column_type=&#8221;1_2&#8243; _builder_version=&#8221;4.17.4&#8243; _module_preset=&#8221;default&#8221; global_colors_info=&#8221;{}&#8221;][et_pb_text disabled_on=&#8221;on|off|off&#8221; _builder_version=&#8221;4.17.4&#8243; _module_preset=&#8221;default&#8221; text_font=&#8221;Fira Sans Condensed||||||||&#8221; text_text_color=&#8221;#BC2A30&#8243; text_font_size=&#8221;30px&#8221; global_colors_info=&#8221;{}&#8221;]<\/p>\n<p><strong>Inaguraci\u00f3n MINE<\/strong><\/p>\n<p>[\/et_pb_text][\/et_pb_column_inner][\/et_pb_row_inner][et_pb_row_inner _builder_version=&#8221;4.17.4&#8243; _module_preset=&#8221;default&#8221; custom_padding=&#8221;5px|||||&#8221; global_colors_info=&#8221;{}&#8221;][et_pb_column_inner saved_specialty_column_type=&#8221;1_2&#8243; _builder_version=&#8221;4.17.4&#8243; _module_preset=&#8221;default&#8221; global_colors_info=&#8221;{}&#8221;][et_pb_text _builder_version=&#8221;4.17.4&#8243; _module_preset=&#8221;default&#8221; global_colors_info=&#8221;{}&#8221;]<\/p>\n<p>El pasado <strong>14 de noviembre<\/strong> se celebr\u00f3 en el Distrito Digital de Alicante el acto oficial de <strong>presentaci\u00f3n de MINE \u2013 Modeling, Image &amp; Networking. Fashion Institute<\/strong>.<br \/>El evento reuni\u00f3 a representantes institucionales, profesorado en activo, profesionales de la moda, empresas colaboradoras e invitados del \u00e1mbito cultural y creativo. Durante la jornada<br \/>se <strong>present\u00f3 la misi\u00f3n y visi\u00f3n<\/strong> de MINE, as\u00ed como los primeros <strong>programas formativos<\/strong> en maquillaje, estilismo, modelaje y fotograf\u00eda, que culminar\u00e1n en un <strong>shooting interdisciplinar<\/strong><br \/>real a final de trimestre.<br \/>La presentaci\u00f3n sirvi\u00f3 tambi\u00e9n para dar a conocer las <strong>microcredenciales universitarias de la UMH<\/strong>, enmarcadas en el Plan de Recuperaci\u00f3n, Transformaci\u00f3n y Resiliencia \u2013 Financiado por la Uni\u00f3n Europea \u2013 <strong>NextGenerationEU<\/strong>, subrayando su car\u00e1cter <strong>oficial, pr\u00e1ctico y orientado a la empleabilidad<\/strong>.<br \/>Con este acto, <strong>MINE<\/strong> inici\u00f3 oficialmente su camino como el <strong>primer instituto de moda pr\u00e1ctica en la universidad p\u00fablica espa\u00f1ola<\/strong>, con formaci\u00f3n oficial en disciplinas como maquillaje,<br \/>estilismo, modelaje, fotograf\u00eda y direcci\u00f3n creativa, m\u00e1s all\u00e1 del dise\u00f1o, el patronaje o la empresa.<\/p>\n<p>[\/et_pb_text][et_pb_text _builder_version=&#8221;4.17.4&#8243; _module_preset=&#8221;default&#8221; link_option_url=&#8221;https:\/\/www.dropbox.com\/scl\/fo\/iwcr3wjocn6ac4535mgf2\/AEnQXbVSdxWNfP9iFIV8zM8?rlkey=cxxyjrsem7ptmdja1uakpc3lc&amp;st=y3u6hvf0&amp;dl=1&#8243; link_option_url_new_window=&#8221;on&#8221; global_colors_info=&#8221;{}&#8221;]<\/p>\n<p>Revive los mejores momentos del evento de MINE. Haz clic en <strong>Ver Fotos<\/strong> para descargar todas las im\u00e1genes.<\/p>\n<p>[\/et_pb_text][\/et_pb_column_inner][\/et_pb_row_inner][\/et_pb_column][et_pb_column type=&#8221;1_2&#8243; _builder_version=&#8221;4.16&#8243; custom_padding=&#8221;|||&#8221; global_colors_info=&#8221;{}&#8221; custom_padding__hover=&#8221;|||&#8221;][et_pb_image src=&#8221;https:\/\/minefashioninstitute.umh.es\/files\/2025\/11\/MINE_J0A9563-scaled.jpeg&#8221; title_text=&#8221;MINE_J0A9563&#8243; _builder_version=&#8221;4.17.4&#8243; _module_preset=&#8221;default&#8221; global_colors_info=&#8221;{}&#8221;][\/et_pb_image][et_pb_text _builder_version=&#8221;4.17.4&#8243; _module_preset=&#8221;default&#8221; text_font_size=&#8221;11px&#8221; text_line_height=&#8221;1.4em&#8221; hover_enabled=&#8221;0&#8243; global_colors_info=&#8221;{}&#8221; sticky_enabled=&#8221;0&#8243;]<\/p>\n<p>(De izquierda a derecha) Juan Jos\u00e9 Ruiz Mart\u00ednez, rector de la UMH; Marta Z\u00fanica Fern\u00e1ndez, directora de Mine Fashion Institute; y Jos\u00e9 Juan L\u00f3pez Esp\u00edn, vicerrector de Estudiantes y Coordinaci\u00f3n.<\/p>\n<p>[\/et_pb_text][\/et_pb_column][\/et_pb_section]<\/p>\n","protected":false},"excerpt":{"rendered":"<p>EventosInaguraci\u00f3n MINEEventosInaguraci\u00f3n MINEEl pasado 14 de noviembre se celebr\u00f3 en el Distrito Digital de Alicante el acto oficial de presentaci\u00f3n de MINE \u2013 Modeling, Image &amp; Networking. Fashion Institute.El evento reuni\u00f3 a representantes institucionales, profesorado en activo, profesionales de la moda, empresas colaboradoras e invitados del \u00e1mbito cultural y creativo. Durante la jornadase present\u00f3 la [&hellip;]<\/p>\n","protected":false},"author":32073,"featured_media":0,"parent":0,"menu_order":0,"comment_status":"closed","ping_status":"closed","template":"","meta":{"_et_pb_use_builder":"on","_et_pb_old_content":"","_et_gb_content_width":"","_links_to":"","_links_to_target":""},"_links":{"self":[{"href":"https:\/\/minefashioninstitute.umh.es\/ca\/wp-json\/wp\/v2\/pages\/1628"}],"collection":[{"href":"https:\/\/minefashioninstitute.umh.es\/ca\/wp-json\/wp\/v2\/pages"}],"about":[{"href":"https:\/\/minefashioninstitute.umh.es\/ca\/wp-json\/wp\/v2\/types\/page"}],"author":[{"embeddable":true,"href":"https:\/\/minefashioninstitute.umh.es\/ca\/wp-json\/wp\/v2\/users\/32073"}],"replies":[{"embeddable":true,"href":"https:\/\/minefashioninstitute.umh.es\/ca\/wp-json\/wp\/v2\/comments?post=1628"}],"version-history":[{"count":0,"href":"https:\/\/minefashioninstitute.umh.es\/ca\/wp-json\/wp\/v2\/pages\/1628\/revisions"}],"wp:attachment":[{"href":"https:\/\/minefashioninstitute.umh.es\/ca\/wp-json\/wp\/v2\/media?parent=1628"}],"curies":[{"name":"wp","href":"https:\/\/api.w.org\/{rel}","templated":true}]}}